{"id":10,"date":"2021-06-25T12:37:11","date_gmt":"2021-06-25T15:37:11","guid":{"rendered":"https:\/\/seecolor.com.br\/acessivel\/?page_id=10"},"modified":"2021-07-15T06:32:05","modified_gmt":"2021-07-15T09:32:05","slug":"quem-somos-missao","status":"publish","type":"page","link":"https:\/\/seecolor.com.br\/acessivel\/quem-somos-missao\/","title":{"rendered":"Quem somos &#8211; Miss\u00e3o"},"content":{"rendered":"<h3 style=\"text-align: center;\">Quem Somos<\/h3>\n<p>A <strong>see color <\/strong>\u2013 Linguagem T\u00e1til das Cores, \u00e9 uma empresa voltada a resolver a dor de 285 milh\u00f5es de pessoas no mundo, que vivem com dificuldade de reconhecer cores, sempre dependentes de outros. Trazendo autonomia, independ\u00eancia e qualidade de vida para esta popula\u00e7\u00e3o.<\/p>\n<h3 style=\"text-align: center;\">Miss\u00e3o<\/h3>\n<p>Proporcionar \u00e0 cegos, pessoas com baixa vis\u00e3o e dalt\u00f4nicas, acessibilidade, inclus\u00e3o e qualidade de vida.<\/p>\n<h3 style=\"text-align: center;\">Vis\u00e3o<\/h3>\n<p>Que as cores sejam para todos.<\/p>\n<h3 style=\"text-align: center;\">Valores<\/h3>\n<p>Empatia; percep\u00e7\u00e3o humana; transpar\u00eancia e \u00e9tica; responsabilidade social.<\/p>\n","protected":false},"excerpt":{"rendered":"<p>Quem Somos A see color \u2013 Linguagem T\u00e1til das Cores, \u00e9 uma empresa voltada a resolver a dor de 285 milh\u00f5es de pessoas no mundo, que vivem com dificuldade de reconhecer cores, sempre dependentes de outros. Trazendo autonomia, independ\u00eancia e qualidade de vida para esta popula\u00e7\u00e3o. Miss\u00e3o Proporcionar \u00e0 cegos, pessoas com baixa vis\u00e3o e [&hellip;]<\/p>\n","protected":false},"author":1,"featured_media":0,"parent":0,"menu_order":0,"comment_status":"closed","ping_status":"closed","template":"","meta":[],"_links":{"self":[{"href":"https:\/\/seecolor.com.br\/acessivel\/wp-json\/wp\/v2\/pages\/10"}],"collection":[{"href":"https:\/\/seecolor.com.br\/acessivel\/wp-json\/wp\/v2\/pages"}],"about":[{"href":"https:\/\/seecolor.com.br\/acessivel\/wp-json\/wp\/v2\/types\/page"}],"author":[{"embeddable":true,"href":"https:\/\/seecolor.com.br\/acessivel\/wp-json\/wp\/v2\/users\/1"}],"replies":[{"embeddable":true,"href":"https:\/\/seecolor.com.br\/acessivel\/wp-json\/wp\/v2\/comments?post=10"}],"version-history":[{"count":7,"href":"https:\/\/seecolor.com.br\/acessivel\/wp-json\/wp\/v2\/pages\/10\/revisions"}],"predecessor-version":[{"id":41,"href":"https:\/\/seecolor.com.br\/acessivel\/wp-json\/wp\/v2\/pages\/10\/revisions\/41"}],"wp:attachment":[{"href":"https:\/\/seecolor.com.br\/acessivel\/wp-json\/wp\/v2\/media?parent=10"}],"curies":[{"name":"wp","href":"https:\/\/api.w.org\/{rel}","templated":true}]}}