{"id":12,"date":"2021-06-25T12:40:10","date_gmt":"2021-06-25T15:40:10","guid":{"rendered":"https:\/\/seecolor.com.br\/acessivel\/?page_id=12"},"modified":"2021-06-25T12:40:10","modified_gmt":"2021-06-25T15:40:10","slug":"historia","status":"publish","type":"page","link":"https:\/\/seecolor.com.br\/acessivel\/historia\/","title":{"rendered":"Hist\u00f3ria"},"content":{"rendered":"<p>Sandra Regina Marchi, nascida em Lages &#8211; SC, cedo mudou-se para Florian\u00f3polis onde cursou Artes Pl\u00e1stica na UDESC, mais tarde j\u00e1 morando em Curitiba, inicia seu mestrado na UFPR, no Curso de P\u00f3s-gradua\u00e7\u00e3o em Eng. Mec\u00e2nica, na \u00e1rea da Ergonomia da cor nos ambientes. Em seguida, inicia seu doutorado na mesma Universidade, continuando no Curso de P\u00f3s-gradua\u00e7\u00e3o em Eng. Mec\u00e2nica, na \u00e1rea de Tecnologia Assistiva, defendendo a tese \u201cDesign Universal de C\u00f3digo de Cores T\u00e1til: Contribui\u00e7\u00e3o de Acessibilidade para Pessoas com Defici\u00eancia Visual\u201d (2019). P\u00f3s-doutorado no Curso de P\u00f3s-gradua\u00e7\u00e3o em Design da UFPR (2021).<\/p>\n","protected":false},"excerpt":{"rendered":"<p>Sandra Regina Marchi, nascida em Lages &#8211; SC, cedo mudou-se para Florian\u00f3polis onde cursou Artes Pl\u00e1stica na UDESC, mais tarde j\u00e1 morando em Curitiba, inicia seu mestrado na UFPR, no Curso de P\u00f3s-gradua\u00e7\u00e3o em Eng. Mec\u00e2nica, na \u00e1rea da Ergonomia da cor nos ambientes. Em seguida, inicia seu doutorado na mesma Universidade, continuando no Curso [&hellip;]<\/p>\n","protected":false},"author":1,"featured_media":0,"parent":0,"menu_order":0,"comment_status":"closed","ping_status":"closed","template":"","meta":[],"_links":{"self":[{"href":"https:\/\/seecolor.com.br\/acessivel\/wp-json\/wp\/v2\/pages\/12"}],"collection":[{"href":"https:\/\/seecolor.com.br\/acessivel\/wp-json\/wp\/v2\/pages"}],"about":[{"href":"https:\/\/seecolor.com.br\/acessivel\/wp-json\/wp\/v2\/types\/page"}],"author":[{"embeddable":true,"href":"https:\/\/seecolor.com.br\/acessivel\/wp-json\/wp\/v2\/users\/1"}],"replies":[{"embeddable":true,"href":"https:\/\/seecolor.com.br\/acessivel\/wp-json\/wp\/v2\/comments?post=12"}],"version-history":[{"count":1,"href":"https:\/\/seecolor.com.br\/acessivel\/wp-json\/wp\/v2\/pages\/12\/revisions"}],"predecessor-version":[{"id":13,"href":"https:\/\/seecolor.com.br\/acessivel\/wp-json\/wp\/v2\/pages\/12\/revisions\/13"}],"wp:attachment":[{"href":"https:\/\/seecolor.com.br\/acessivel\/wp-json\/wp\/v2\/media?parent=12"}],"curies":[{"name":"wp","href":"https:\/\/api.w.org\/{rel}","templated":true}]}}