{"id":17,"date":"2021-07-05T14:20:31","date_gmt":"2021-07-05T17:20:31","guid":{"rendered":"https:\/\/seecolor.com.br\/acessivel\/?page_id=17"},"modified":"2021-07-05T19:40:03","modified_gmt":"2021-07-05T22:40:03","slug":"aprenda","status":"publish","type":"page","link":"https:\/\/seecolor.com.br\/acessivel\/aprenda\/","title":{"rendered":"Aprenda"},"content":{"rendered":"<p>1)\tO aprendizado do <strong>see color <\/strong>inicia pelo Kit pedag\u00f3gico que apresenta em seu conte\u00fado dois tri\u00e2ngulos crom\u00e1ticos, que cont\u00eam num deles, as cores prim\u00e1rias (VERMELHO, AMARELO e AZUL) e no outro, as secund\u00e1rias (LARANJA, VERDE e LIL\u00c1S), al\u00e9m de uma haste que cont\u00eam as cores neutras (PRETO e BRANCO).<br \/>\nEste material fundamenta-se na Teoria das Cores e traz toda uma l\u00f3gica que facilita, tanto a aprendizagem, quanto a fixa\u00e7\u00e3o e memoriza\u00e7\u00e3o da mesma.<br \/>\n2)\tCom o <strong>see clock<\/strong>, excelente material de aux\u00edlio pedag\u00f3gico que apresenta as diversas varia\u00e7\u00f5es de cores fazendo uma analogia com um rel\u00f3gio, sendo facilitador de memoriza\u00e7\u00e3o e entendimento imediato da linguagem <strong>see color<\/strong>, tanto por cegos como por pessoas de baixa vis\u00e3o.<br \/>\n3)\tOutro material l\u00fadico pedag\u00f3gico, de f\u00e1cil percep\u00e7\u00e3o do grau de aprendizagem que os alunos adquiriram, \u00e9 o <strong>see game<\/strong>. Jogo de mesa que, atrav\u00e9s de um tabuleiro com baixos relevos e pe\u00e7as para montar, ajuda a verificar o aproveitamento da aprendizagem.<br \/>\n4)\tO mais novo material desenvolvido pela <strong>see color<\/strong>, de pequena dimens\u00e3o (9 cm de di\u00e2metro) e port\u00e1til, \u00e9 o <strong>mini clock<\/strong>, que auxilia tanto no aprendizado, como serve, tamb\u00e9m, de uso di\u00e1rio.<\/p>\n<p>\tUSE:<br \/>\n1)\tCom o <strong>see paint<\/strong>, que s\u00e3o moldes vazados, voc\u00ea pode customizar suas roupas, objetos e materiais que voc\u00ea queira, com aux\u00edlio de tintas que criam relevo, facilitando assim a vida dos deficientes visuais de forma definitiva.<br \/>\n2)\tCom as <strong>see tags adesivas<\/strong>, voc\u00ea pode, de forma mais r\u00e1pida, identificar seus objetos. Este material de baixo custo \u00e9 de f\u00e1cil aplica\u00e7\u00e3o.<br \/>\n3)\tCom as <strong>see tag termocolantes<\/strong>, voc\u00ea identifica todas as pe\u00e7as de roupas, t\u00eanis, sacolas, ou seja, tudo que seja feito de tecidos que possam receber o calor de um ferro de passar roupas, tamb\u00e9m de f\u00e1cil e r\u00e1pida aplica\u00e7\u00e3o.<\/p>\n","protected":false},"excerpt":{"rendered":"<p>1) O aprendizado do see color inicia pelo Kit pedag\u00f3gico que apresenta em seu conte\u00fado dois tri\u00e2ngulos crom\u00e1ticos, que cont\u00eam num deles, as cores prim\u00e1rias (VERMELHO, AMARELO e AZUL) e no outro, as secund\u00e1rias (LARANJA, VERDE e LIL\u00c1S), al\u00e9m de uma haste que cont\u00eam as cores neutras (PRETO e BRANCO). Este material fundamenta-se na Teoria [&hellip;]<\/p>\n","protected":false},"author":1,"featured_media":0,"parent":0,"menu_order":0,"comment_status":"closed","ping_status":"closed","template":"","meta":[],"_links":{"self":[{"href":"https:\/\/seecolor.com.br\/acessivel\/wp-json\/wp\/v2\/pages\/17"}],"collection":[{"href":"https:\/\/seecolor.com.br\/acessivel\/wp-json\/wp\/v2\/pages"}],"about":[{"href":"https:\/\/seecolor.com.br\/acessivel\/wp-json\/wp\/v2\/types\/page"}],"author":[{"embeddable":true,"href":"https:\/\/seecolor.com.br\/acessivel\/wp-json\/wp\/v2\/users\/1"}],"replies":[{"embeddable":true,"href":"https:\/\/seecolor.com.br\/acessivel\/wp-json\/wp\/v2\/comments?post=17"}],"version-history":[{"count":3,"href":"https:\/\/seecolor.com.br\/acessivel\/wp-json\/wp\/v2\/pages\/17\/revisions"}],"predecessor-version":[{"id":35,"href":"https:\/\/seecolor.com.br\/acessivel\/wp-json\/wp\/v2\/pages\/17\/revisions\/35"}],"wp:attachment":[{"href":"https:\/\/seecolor.com.br\/acessivel\/wp-json\/wp\/v2\/media?parent=17"}],"curies":[{"name":"wp","href":"https:\/\/api.w.org\/{rel}","templated":true}]}}